{"id":4620,"date":"2023-06-02T16:43:21","date_gmt":"2023-06-02T14:43:21","guid":{"rendered":"https:\/\/visite.santantonio.org\/8-basilique-sacristie\/"},"modified":"2023-09-11T10:38:27","modified_gmt":"2023-09-11T08:38:27","slug":"basilique-sacristie","status":"publish","type":"page","link":"https:\/\/visite.santantonio.org\/fr\/basilique-sacristie\/","title":{"rendered":"8. Basilique &#8211; Sacristie"},"content":{"rendered":"\t\t<div data-elementor-type=\"wp-page\" data-elementor-id=\"4620\" class=\"elementor elementor-4620 elementor-1759\" data-elementor-post-type=\"page\">\n\t\t\t\t\t\t\t\t\t<section class=\"elementor-section elementor-top-section elementor-element elementor-element-765c283 elementor-section-boxed elementor-section-height-default elementor-section-height-default\" data-id=\"765c283\" data-element_type=\"section\">\n\t\t\t\t\t\t<div class=\"elementor-container elementor-column-gap-default\">\n\t\t\t\t\t<div class=\"elementor-column elementor-col-100 elementor-top-column elementor-element elementor-element-835fd51\" data-id=\"835fd51\" data-element_type=\"column\">\n\t\t\t<div class=\"elementor-widget-wrap elementor-element-populated\">\n\t\t\t\t\t\t\t\t<div class=\"elementor-element elementor-element-da50732 elementor-widget elementor-widget-heading\" data-id=\"da50732\" data-element_type=\"widget\" data-widget_type=\"heading.default\">\n\t\t\t\t<div class=\"elementor-widget-container\">\n\t\t\t<h1 class=\"elementor-heading-title elementor-size-default\">8. Sacristie<\/h1>\t\t<\/div>\n\t\t\t\t<\/div>\n\t\t\t\t<div class=\"elementor-element elementor-element-0ad6dd4 elementor-widget__width-auto elementor-fixed dce_masking-none elementor-widget elementor-widget-image\" data-id=\"0ad6dd4\" data-element_type=\"widget\" data-settings=\"{&quot;_position&quot;:&quot;fixed&quot;}\" data-widget_type=\"image.default\">\n\t\t\t\t<div class=\"elementor-widget-container\">\n\t\t\t\t\t\t\t\t\t\t\t\t\t\t\t\t<a href=\"#elementor-action%3Aaction%3Dpopup%3Aopen%26settings%3DeyJpZCI6NjE3NSwidG9nZ2xlIjpmYWxzZX0%3D\">\n\t\t\t\t\t\t\t<img loading=\"lazy\" decoding=\"async\" width=\"965\" height=\"965\" src=\"https:\/\/visite.santantonio.org\/wp-content\/uploads\/2023\/06\/legenda-basilica-08-1.png\" class=\"attachment-full size-full wp-image-6298\" alt=\"\" srcset=\"https:\/\/visite.santantonio.org\/wp-content\/uploads\/2023\/06\/legenda-basilica-08-1.png 965w, https:\/\/visite.santantonio.org\/wp-content\/uploads\/2023\/06\/legenda-basilica-08-1-300x300.png 300w, https:\/\/visite.santantonio.org\/wp-content\/uploads\/2023\/06\/legenda-basilica-08-1-150x150.png 150w, https:\/\/visite.santantonio.org\/wp-content\/uploads\/2023\/06\/legenda-basilica-08-1-768x768.png 768w\" sizes=\"auto, (max-width: 965px) 100vw, 965px\" \/>\t\t\t\t\t\t\t\t<\/a>\n\t\t\t\t\t\t\t\t\t\t\t\t\t\t\t<\/div>\n\t\t\t\t<\/div>\n\t\t\t\t\t<\/div>\n\t\t<\/div>\n\t\t\t\t\t\t\t<\/div>\n\t\t<\/section>\n\t\t\t\t<section class=\"elementor-section elementor-top-section elementor-element elementor-element-f031c24 elementor-hidden-mobile elementor-hidden-tablet_extra elementor-hidden-tablet elementor-hidden-mobile_extra elementor-section-boxed elementor-section-height-default elementor-section-height-default\" data-id=\"f031c24\" data-element_type=\"section\" id=\"basilica-sacrestia-180\">\n\t\t\t\t\t\t<div class=\"elementor-container elementor-column-gap-default\">\n\t\t\t\t\t<div data-dce-background-image-url=\"https:\/\/visite.santantonio.org\/wp-content\/uploads\/2023\/06\/basilica_sacrestia_1_8_0.svg\" class=\"elementor-column elementor-col-100 elementor-top-column elementor-element elementor-element-510d245\" data-id=\"510d245\" data-element_type=\"column\" id=\"basilica-madonna-mora-140\" data-settings=\"{&quot;background_background&quot;:&quot;classic&quot;}\">\n\t\t\t<div class=\"elementor-widget-wrap elementor-element-populated\">\n\t\t\t\t\t\t\t\t<div class=\"elementor-element elementor-element-4675883 elementor-widget elementor-widget-shortcode\" data-id=\"4675883\" data-element_type=\"widget\" data-widget_type=\"shortcode.default\">\n\t\t\t\t<div class=\"elementor-widget-container\">\n\t\t\t\t\t<div class=\"elementor-shortcode\"><div class=\"aphs-sound\" data-id=\"basilica-sacrestia-180\" data-hover-sound=\"ebsfmaaHR0cHM6Ly92aXNpdGUuc2FudGFudG9uaW8ub3JnL3dwLWNvbnRlbnQvdXBsb2Fkcy8yMDIzLzA2L2Jhc2lsaWNhLWZyYS1hdWRpb18wXzdfMC5tcDM=\"><\/div><\/div>\n\t\t\t\t<\/div>\n\t\t\t\t<\/div>\n\t\t\t\t<div class=\"elementor-element elementor-element-254672a elementor-widget elementor-widget-spacer\" data-id=\"254672a\" data-element_type=\"widget\" data-widget_type=\"spacer.default\">\n\t\t\t\t<div class=\"elementor-widget-container\">\n\t\t\t\t\t<div class=\"elementor-spacer\">\n\t\t\t<div class=\"elementor-spacer-inner\"><\/div>\n\t\t<\/div>\n\t\t\t\t<\/div>\n\t\t\t\t<\/div>\n\t\t\t\t<div class=\"elementor-element elementor-element-a7db36a elementor-widget elementor-widget-spacer\" data-id=\"a7db36a\" data-element_type=\"widget\" data-widget_type=\"spacer.default\">\n\t\t\t\t<div class=\"elementor-widget-container\">\n\t\t\t\t\t<div class=\"elementor-spacer\">\n\t\t\t<div class=\"elementor-spacer-inner\"><\/div>\n\t\t<\/div>\n\t\t\t\t<\/div>\n\t\t\t\t<\/div>\n\t\t\t\t\t<\/div>\n\t\t<\/div>\n\t\t\t\t\t\t\t<\/div>\n\t\t<\/section>\n\t\t\t\t<section class=\"elementor-section elementor-top-section elementor-element elementor-element-5370fb2 elementor-hidden-widescreen elementor-hidden-desktop elementor-hidden-laptop elementor-section-boxed elementor-section-height-default elementor-section-height-default\" data-id=\"5370fb2\" data-element_type=\"section\" id=\"mobile-basilica-sacrestia-180\">\n\t\t\t\t\t\t<div class=\"elementor-container elementor-column-gap-default\">\n\t\t\t\t\t<div class=\"elementor-column elementor-col-100 elementor-top-column elementor-element elementor-element-ac9b497\" data-id=\"ac9b497\" data-element_type=\"column\" data-settings=\"{&quot;background_background&quot;:&quot;classic&quot;}\">\n\t\t\t<div class=\"elementor-widget-wrap elementor-element-populated\">\n\t\t\t\t\t\t\t\t<div class=\"elementor-element elementor-element-82be1e7 dce_masking-none elementor-widget elementor-widget-image\" data-id=\"82be1e7\" data-element_type=\"widget\" data-widget_type=\"image.default\">\n\t\t\t\t<div class=\"elementor-widget-container\">\n\t\t\t\t\t\t\t\t\t\t\t\t\t\t\t<img loading=\"lazy\" decoding=\"async\" width=\"360\" height=\"360\" src=\"https:\/\/visite.santantonio.org\/wp-content\/uploads\/2023\/06\/mobile_basilica_la_sacrestia_1_8_0.svg\" class=\"attachment-full size-full wp-image-2054\" alt=\"\" \/>\t\t\t\t\t\t\t\t\t\t\t\t\t\t\t<\/div>\n\t\t\t\t<\/div>\n\t\t\t\t<div class=\"elementor-element elementor-element-e366503 elementor-widget elementor-widget-shortcode\" data-id=\"e366503\" data-element_type=\"widget\" data-widget_type=\"shortcode.default\">\n\t\t\t\t<div class=\"elementor-widget-container\">\n\t\t\t\t\t<div class=\"elementor-shortcode\"><div class=\"aphs-sound\" data-id=\"mobile-basilica-sacrestia-180\" data-hover-sound=\"ebsfmaaHR0cHM6Ly92aXNpdGUuc2FudGFudG9uaW8ub3JnL3dwLWNvbnRlbnQvdXBsb2Fkcy8yMDIzLzA2L2Jhc2lsaWNhLWZyYS1hdWRpb18wXzdfMC5tcDM=\"><\/div><\/div>\n\t\t\t\t<\/div>\n\t\t\t\t<\/div>\n\t\t\t\t\t<\/div>\n\t\t<\/div>\n\t\t\t\t\t\t\t<\/div>\n\t\t<\/section>\n\t\t\t\t<section class=\"elementor-section elementor-top-section elementor-element elementor-element-e5697ed elementor-section-boxed elementor-section-height-default elementor-section-height-default\" data-id=\"e5697ed\" data-element_type=\"section\">\n\t\t\t\t\t\t<div class=\"elementor-container elementor-column-gap-default\">\n\t\t\t\t\t<div class=\"elementor-column elementor-col-100 elementor-top-column elementor-element elementor-element-4d232da\" data-id=\"4d232da\" data-element_type=\"column\">\n\t\t\t<div class=\"elementor-widget-wrap elementor-element-populated\">\n\t\t\t\t\t\t\t\t<div class=\"elementor-element elementor-element-e7c1d4a elementor-widget elementor-widget-text-editor\" data-id=\"e7c1d4a\" data-element_type=\"widget\" data-widget_type=\"text-editor.default\">\n\t\t\t\t<div class=\"elementor-widget-container\">\n\t\t\t\t\t\t\t<p>Construite elle aussi entre le XIII<sup>e<\/sup> et le XIV<sup>e<\/sup> si\u00e8cle, elle fut jusqu&rsquo;au d\u00e9but du XVIII<sup>e<\/sup> si\u00e8cle le lieu o\u00f9 \u00e9tait conserv\u00e9 le Tr\u00e9sor de la Basilique : la grande armoire murale, \u0153uvre de Bartolomeo Bellano, fut construite en 1460 pour abriter les reliques qui, depuis la fin du XVII<sup>e<\/sup> si\u00e8cle, sont conserv\u00e9es dans l&rsquo;actuelle chapelle du Tr\u00e9sor.<br \/>Les portes de l&rsquo;armoire sont recouvertes d&rsquo;incrustations en bois de Lorenzo Canozzi, repr\u00e9sentant en perspective des livres, des objets liturgiques et une cit\u00e9 id\u00e9ale habit\u00e9e par les saints Bernardin et J\u00e9r\u00f4me, Fran\u00e7ois et Antoine, Louis d&rsquo;Anjou et Bonaventure. Le plafond est orn\u00e9 d&rsquo;une fresque baroque de Pietro Liberi datant de 1665 et repr\u00e9sentant la Gloire de saint Antoine, pleine de figures joyeuses et lumineuses.<\/p>\t\t\t\t\t\t<\/div>\n\t\t\t\t<\/div>\n\t\t\t\t\t<\/div>\n\t\t<\/div>\n\t\t\t\t\t\t\t<\/div>\n\t\t<\/section>\n\t\t\t\t\t\t\t<\/div>\n\t\t","protected":false},"excerpt":{"rendered":"8. Sacristie Construite elle aussi entre le XIIIe et le XIVe si\u00e8cle, elle fut jusqu&rsquo;au d\u00e9but du XVIIIe si\u00e8cle le lieu o\u00f9 \u00e9tait conserv\u00e9 le Tr\u00e9sor de la Basilique : la grande armoire murale, \u0153uvre de Bartolomeo Bellano, fut construite en 1460 pour abriter les reliques qui, depuis la fin du XVIIe si\u00e8cle, sont conserv\u00e9es [&hellip;]","protected":false},"author":1,"featured_media":0,"parent":0,"menu_order":0,"comment_status":"closed","ping_status":"closed","template":"","meta":{"footnotes":""},"class_list":["post-4620","page","type-page","status-publish","hentry"],"_links":{"self":[{"href":"https:\/\/visite.santantonio.org\/fr\/wp-json\/wp\/v2\/pages\/4620","targetHints":{"allow":["GET"]}}],"collection":[{"href":"https:\/\/visite.santantonio.org\/fr\/wp-json\/wp\/v2\/pages"}],"about":[{"href":"https:\/\/visite.santantonio.org\/fr\/wp-json\/wp\/v2\/types\/page"}],"author":[{"embeddable":true,"href":"https:\/\/visite.santantonio.org\/fr\/wp-json\/wp\/v2\/users\/1"}],"replies":[{"embeddable":true,"href":"https:\/\/visite.santantonio.org\/fr\/wp-json\/wp\/v2\/comments?post=4620"}],"version-history":[{"count":20,"href":"https:\/\/visite.santantonio.org\/fr\/wp-json\/wp\/v2\/pages\/4620\/revisions"}],"predecessor-version":[{"id":8172,"href":"https:\/\/visite.santantonio.org\/fr\/wp-json\/wp\/v2\/pages\/4620\/revisions\/8172"}],"wp:attachment":[{"href":"https:\/\/visite.santantonio.org\/fr\/wp-json\/wp\/v2\/media?parent=4620"}],"curies":[{"name":"wp","href":"https:\/\/api.w.org\/{rel}","templated":true}]}}