{"id":4565,"date":"2023-05-31T11:01:48","date_gmt":"2023-05-31T09:01:48","guid":{"rendered":"https:\/\/visite.santantonio.org\/4-basilique-chapelle-de-la-vierge-noire\/"},"modified":"2023-09-05T19:43:29","modified_gmt":"2023-09-05T17:43:29","slug":"basilique-chapelle-de-la-vierge-noire","status":"publish","type":"page","link":"https:\/\/visite.santantonio.org\/fr\/basilique-chapelle-de-la-vierge-noire\/","title":{"rendered":"4. Basilique &#8211; Chapelle de la Vierge Noire"},"content":{"rendered":"\t\t<div data-elementor-type=\"wp-page\" data-elementor-id=\"4565\" class=\"elementor elementor-4565 elementor-960\" data-elementor-post-type=\"page\">\n\t\t\t\t\t\t\t\t\t<section class=\"elementor-section elementor-top-section elementor-element elementor-element-765c283 elementor-section-boxed elementor-section-height-default elementor-section-height-default\" data-id=\"765c283\" data-element_type=\"section\">\n\t\t\t\t\t\t<div class=\"elementor-container elementor-column-gap-default\">\n\t\t\t\t\t<div class=\"elementor-column elementor-col-100 elementor-top-column elementor-element elementor-element-835fd51\" data-id=\"835fd51\" data-element_type=\"column\">\n\t\t\t<div class=\"elementor-widget-wrap elementor-element-populated\">\n\t\t\t\t\t\t\t\t<div class=\"elementor-element elementor-element-da50732 elementor-widget elementor-widget-heading\" data-id=\"da50732\" data-element_type=\"widget\" data-widget_type=\"heading.default\">\n\t\t\t\t<div class=\"elementor-widget-container\">\n\t\t\t<h1 class=\"elementor-heading-title elementor-size-default\">4. Chapelle de la Vierge Noire<\/h1>\t\t<\/div>\n\t\t\t\t<\/div>\n\t\t\t\t<div class=\"elementor-element elementor-element-3a9bc3e elementor-widget__width-auto elementor-fixed dce_masking-none elementor-widget elementor-widget-image\" data-id=\"3a9bc3e\" data-element_type=\"widget\" data-settings=\"{&quot;_position&quot;:&quot;fixed&quot;}\" data-widget_type=\"image.default\">\n\t\t\t\t<div class=\"elementor-widget-container\">\n\t\t\t\t\t\t\t\t\t\t\t\t\t\t\t\t<a href=\"#elementor-action%3Aaction%3Dpopup%3Aopen%26settings%3DeyJpZCI6NjE0OSwidG9nZ2xlIjpmYWxzZX0%3D\">\n\t\t\t\t\t\t\t<img loading=\"lazy\" decoding=\"async\" width=\"965\" height=\"965\" src=\"https:\/\/visite.santantonio.org\/wp-content\/uploads\/2023\/06\/legenda-basilica-04-1.png\" class=\"attachment-full size-full wp-image-6246\" alt=\"\" srcset=\"https:\/\/visite.santantonio.org\/wp-content\/uploads\/2023\/06\/legenda-basilica-04-1.png 965w, https:\/\/visite.santantonio.org\/wp-content\/uploads\/2023\/06\/legenda-basilica-04-1-300x300.png 300w, https:\/\/visite.santantonio.org\/wp-content\/uploads\/2023\/06\/legenda-basilica-04-1-150x150.png 150w, https:\/\/visite.santantonio.org\/wp-content\/uploads\/2023\/06\/legenda-basilica-04-1-768x768.png 768w\" sizes=\"auto, (max-width: 965px) 100vw, 965px\" \/>\t\t\t\t\t\t\t\t<\/a>\n\t\t\t\t\t\t\t\t\t\t\t\t\t\t\t<\/div>\n\t\t\t\t<\/div>\n\t\t\t\t\t<\/div>\n\t\t<\/div>\n\t\t\t\t\t\t\t<\/div>\n\t\t<\/section>\n\t\t\t\t<section class=\"elementor-section elementor-top-section elementor-element elementor-element-f031c24 elementor-hidden-mobile elementor-hidden-tablet_extra elementor-hidden-tablet elementor-hidden-mobile_extra elementor-section-boxed elementor-section-height-default elementor-section-height-default\" data-id=\"f031c24\" data-element_type=\"section\" id=\"basilica-madonna-mora-140\">\n\t\t\t\t\t\t<div class=\"elementor-container elementor-column-gap-default\">\n\t\t\t\t\t<div data-dce-background-image-url=\"https:\/\/visite.santantonio.org\/wp-content\/uploads\/2023\/06\/basilica_cappella_madonna_mora_1_4_0.svg\" class=\"elementor-column elementor-col-100 elementor-top-column elementor-element elementor-element-510d245\" data-id=\"510d245\" data-element_type=\"column\" id=\"basilica-madonna-mora-140\" data-settings=\"{&quot;background_background&quot;:&quot;classic&quot;}\">\n\t\t\t<div class=\"elementor-widget-wrap elementor-element-populated\">\n\t\t\t\t\t\t\t\t<div class=\"elementor-element elementor-element-4675883 elementor-widget elementor-widget-shortcode\" data-id=\"4675883\" data-element_type=\"widget\" data-widget_type=\"shortcode.default\">\n\t\t\t\t<div class=\"elementor-widget-container\">\n\t\t\t\t\t<div class=\"elementor-shortcode\"><div class=\"aphs-sound\" data-id=\"basilica-madonna-mora-140\" data-hover-sound=\"ebsfmaaHR0cHM6Ly92aXNpdGUuc2FudGFudG9uaW8ub3JnL3dwLWNvbnRlbnQvdXBsb2Fkcy8yMDIzLzA2L2Jhc2lsaWNhLWZyYS1hdWRpb18wXzNfMC0zLm1wMw==\"><\/div><\/div>\n\t\t\t\t<\/div>\n\t\t\t\t<\/div>\n\t\t\t\t<div class=\"elementor-element elementor-element-254672a elementor-widget elementor-widget-spacer\" data-id=\"254672a\" data-element_type=\"widget\" data-widget_type=\"spacer.default\">\n\t\t\t\t<div class=\"elementor-widget-container\">\n\t\t\t\t\t<div class=\"elementor-spacer\">\n\t\t\t<div class=\"elementor-spacer-inner\"><\/div>\n\t\t<\/div>\n\t\t\t\t<\/div>\n\t\t\t\t<\/div>\n\t\t\t\t<div class=\"elementor-element elementor-element-a7db36a elementor-widget elementor-widget-spacer\" data-id=\"a7db36a\" data-element_type=\"widget\" data-widget_type=\"spacer.default\">\n\t\t\t\t<div class=\"elementor-widget-container\">\n\t\t\t\t\t<div class=\"elementor-spacer\">\n\t\t\t<div class=\"elementor-spacer-inner\"><\/div>\n\t\t<\/div>\n\t\t\t\t<\/div>\n\t\t\t\t<\/div>\n\t\t\t\t\t<\/div>\n\t\t<\/div>\n\t\t\t\t\t\t\t<\/div>\n\t\t<\/section>\n\t\t\t\t<section class=\"elementor-section elementor-top-section elementor-element elementor-element-5370fb2 elementor-hidden-widescreen elementor-hidden-desktop elementor-hidden-laptop elementor-section-boxed elementor-section-height-default elementor-section-height-default\" data-id=\"5370fb2\" data-element_type=\"section\" id=\"mobile-basilica-madonna-mora-140\">\n\t\t\t\t\t\t<div class=\"elementor-container elementor-column-gap-default\">\n\t\t\t\t\t<div class=\"elementor-column elementor-col-100 elementor-top-column elementor-element elementor-element-ac9b497\" data-id=\"ac9b497\" data-element_type=\"column\" data-settings=\"{&quot;background_background&quot;:&quot;classic&quot;}\">\n\t\t\t<div class=\"elementor-widget-wrap elementor-element-populated\">\n\t\t\t\t\t\t\t\t<div class=\"elementor-element elementor-element-82be1e7 dce_masking-none elementor-widget elementor-widget-image\" data-id=\"82be1e7\" data-element_type=\"widget\" data-widget_type=\"image.default\">\n\t\t\t\t<div class=\"elementor-widget-container\">\n\t\t\t\t\t\t\t\t\t\t\t\t\t\t\t<img loading=\"lazy\" decoding=\"async\" width=\"360\" height=\"360\" src=\"https:\/\/visite.santantonio.org\/wp-content\/uploads\/2023\/06\/mobile_basilica_cappella_madonna_mora_1_4_0.svg\" class=\"attachment-full size-full wp-image-1599\" alt=\"\" \/>\t\t\t\t\t\t\t\t\t\t\t\t\t\t\t<\/div>\n\t\t\t\t<\/div>\n\t\t\t\t<div class=\"elementor-element elementor-element-e366503 elementor-widget elementor-widget-shortcode\" data-id=\"e366503\" data-element_type=\"widget\" data-widget_type=\"shortcode.default\">\n\t\t\t\t<div class=\"elementor-widget-container\">\n\t\t\t\t\t<div class=\"elementor-shortcode\"><div class=\"aphs-sound\" data-id=\"mobile-basilica-madonna-mora-140\" data-hover-sound=\"ebsfmaaHR0cHM6Ly92aXNpdGUuc2FudGFudG9uaW8ub3JnL3dwLWNvbnRlbnQvdXBsb2Fkcy8yMDIzLzA2L2Jhc2lsaWNhLWZyYS1hdWRpb18wXzNfMC0zLm1wMw==\"><\/div><\/div>\n\t\t\t\t<\/div>\n\t\t\t\t<\/div>\n\t\t\t\t\t<\/div>\n\t\t<\/div>\n\t\t\t\t\t\t\t<\/div>\n\t\t<\/section>\n\t\t\t\t<section class=\"elementor-section elementor-top-section elementor-element elementor-element-e5697ed elementor-section-boxed elementor-section-height-default elementor-section-height-default\" data-id=\"e5697ed\" data-element_type=\"section\">\n\t\t\t\t\t\t<div class=\"elementor-container elementor-column-gap-default\">\n\t\t\t\t\t<div class=\"elementor-column elementor-col-100 elementor-top-column elementor-element elementor-element-4d232da\" data-id=\"4d232da\" data-element_type=\"column\">\n\t\t\t<div class=\"elementor-widget-wrap elementor-element-populated\">\n\t\t\t\t\t\t\t\t<div class=\"elementor-element elementor-element-e7c1d4a elementor-widget elementor-widget-text-editor\" data-id=\"e7c1d4a\" data-element_type=\"widget\" data-widget_type=\"text-editor.default\">\n\t\t\t\t<div class=\"elementor-widget-container\">\n\t\t\t\t\t\t\t<p>Nous nous trouvons maintenant dans la chapelle de la <em>Madonna Mora<\/em> (Vierge Noire, ndlt), l&rsquo;ancienne petite \u00e9glise de Santa <em>Maria Mater Domini<\/em>, le premier noyau donn\u00e9 par l&rsquo;\u00e9v\u00eaque de Padoue aux Franciscains. C&rsquo;est ici qu&rsquo;Antoine a v\u00e9cu et pri\u00e9, c&rsquo;est ici qu&rsquo;il a \u00e9t\u00e9 enterr\u00e9 et qu&rsquo;il est rest\u00e9 32 ans, jusqu&rsquo;en 1263.<br \/>Sur l&rsquo;autel se trouve la statue qui donne son nom \u00e0 la chapelle : la statue de la Vierge Noire, en pierre peinte, tr\u00e8s aim\u00e9e par les fid\u00e8les, r\u00e9alis\u00e9e en 1396 par Rinaldin de Puydarrieux. Le nom de \u00ab Vierge Noire \u00bb d\u00e9rive probablement de ses traits orientaux.<\/p>\t\t\t\t\t\t<\/div>\n\t\t\t\t<\/div>\n\t\t\t\t\t<\/div>\n\t\t<\/div>\n\t\t\t\t\t\t\t<\/div>\n\t\t<\/section>\n\t\t\t\t\t\t\t<\/div>\n\t\t","protected":false},"excerpt":{"rendered":"4. Chapelle de la Vierge Noire Nous nous trouvons maintenant dans la chapelle de la Madonna Mora (Vierge Noire, ndlt), l&rsquo;ancienne petite \u00e9glise de Santa Maria Mater Domini, le premier noyau donn\u00e9 par l&rsquo;\u00e9v\u00eaque de Padoue aux Franciscains. C&rsquo;est ici qu&rsquo;Antoine a v\u00e9cu et pri\u00e9, c&rsquo;est ici qu&rsquo;il a \u00e9t\u00e9 enterr\u00e9 et qu&rsquo;il est rest\u00e9 [&hellip;]","protected":false},"author":1,"featured_media":0,"parent":0,"menu_order":0,"comment_status":"closed","ping_status":"closed","template":"","meta":{"footnotes":""},"class_list":["post-4565","page","type-page","status-publish","hentry"],"_links":{"self":[{"href":"https:\/\/visite.santantonio.org\/fr\/wp-json\/wp\/v2\/pages\/4565","targetHints":{"allow":["GET"]}}],"collection":[{"href":"https:\/\/visite.santantonio.org\/fr\/wp-json\/wp\/v2\/pages"}],"about":[{"href":"https:\/\/visite.santantonio.org\/fr\/wp-json\/wp\/v2\/types\/page"}],"author":[{"embeddable":true,"href":"https:\/\/visite.santantonio.org\/fr\/wp-json\/wp\/v2\/users\/1"}],"replies":[{"embeddable":true,"href":"https:\/\/visite.santantonio.org\/fr\/wp-json\/wp\/v2\/comments?post=4565"}],"version-history":[{"count":20,"href":"https:\/\/visite.santantonio.org\/fr\/wp-json\/wp\/v2\/pages\/4565\/revisions"}],"predecessor-version":[{"id":8150,"href":"https:\/\/visite.santantonio.org\/fr\/wp-json\/wp\/v2\/pages\/4565\/revisions\/8150"}],"wp:attachment":[{"href":"https:\/\/visite.santantonio.org\/fr\/wp-json\/wp\/v2\/media?parent=4565"}],"curies":[{"name":"wp","href":"https:\/\/api.w.org\/{rel}","templated":true}]}}