{"id":4468,"date":"2023-05-29T12:37:32","date_gmt":"2023-05-29T10:37:32","guid":{"rendered":"https:\/\/visite.santantonio.org\/2-basilique-vierge-a-lenfant\/"},"modified":"2023-09-05T19:17:02","modified_gmt":"2023-09-05T17:17:02","slug":"basilique-vierge-du-pilier","status":"publish","type":"page","link":"https:\/\/visite.santantonio.org\/fr\/basilique-vierge-du-pilier\/","title":{"rendered":"2. Basilique &#8211; Vierge du pilier"},"content":{"rendered":"\t\t<div data-elementor-type=\"wp-page\" data-elementor-id=\"4468\" class=\"elementor elementor-4468 elementor-495\" data-elementor-post-type=\"page\">\n\t\t\t\t\t\t\t\t\t<section class=\"elementor-section elementor-top-section elementor-element elementor-element-765c283 elementor-section-boxed elementor-section-height-default elementor-section-height-default\" data-id=\"765c283\" data-element_type=\"section\">\n\t\t\t\t\t\t<div class=\"elementor-container elementor-column-gap-default\">\n\t\t\t\t\t<div class=\"elementor-column elementor-col-100 elementor-top-column elementor-element elementor-element-835fd51\" data-id=\"835fd51\" data-element_type=\"column\">\n\t\t\t<div class=\"elementor-widget-wrap elementor-element-populated\">\n\t\t\t\t\t\t\t\t<div class=\"elementor-element elementor-element-da50732 elementor-widget elementor-widget-heading\" data-id=\"da50732\" data-element_type=\"widget\" data-widget_type=\"heading.default\">\n\t\t\t\t<div class=\"elementor-widget-container\">\n\t\t\t<h1 class=\"elementor-heading-title elementor-size-default\">2. Vierge<br> \n\u00e0 l\u2019Enfant<\/h1>\t\t<\/div>\n\t\t\t\t<\/div>\n\t\t\t\t<div class=\"elementor-element elementor-element-069b914 elementor-widget__width-auto elementor-fixed dce_masking-none elementor-widget elementor-widget-image\" data-id=\"069b914\" data-element_type=\"widget\" data-settings=\"{&quot;_position&quot;:&quot;fixed&quot;}\" data-widget_type=\"image.default\">\n\t\t\t\t<div class=\"elementor-widget-container\">\n\t\t\t\t\t\t\t\t\t\t\t\t\t\t\t\t<a href=\"#elementor-action%3Aaction%3Dpopup%3Aopen%26settings%3DeyJpZCI6NjExOCwidG9nZ2xlIjpmYWxzZX0%3D\">\n\t\t\t\t\t\t\t<img loading=\"lazy\" decoding=\"async\" width=\"965\" height=\"965\" src=\"https:\/\/visite.santantonio.org\/wp-content\/uploads\/2023\/06\/legenda-basilica-02-1.png\" class=\"attachment-full size-full wp-image-6000\" alt=\"\" srcset=\"https:\/\/visite.santantonio.org\/wp-content\/uploads\/2023\/06\/legenda-basilica-02-1.png 965w, https:\/\/visite.santantonio.org\/wp-content\/uploads\/2023\/06\/legenda-basilica-02-1-300x300.png 300w, https:\/\/visite.santantonio.org\/wp-content\/uploads\/2023\/06\/legenda-basilica-02-1-150x150.png 150w, https:\/\/visite.santantonio.org\/wp-content\/uploads\/2023\/06\/legenda-basilica-02-1-768x768.png 768w\" sizes=\"auto, (max-width: 965px) 100vw, 965px\" \/>\t\t\t\t\t\t\t\t<\/a>\n\t\t\t\t\t\t\t\t\t\t\t\t\t\t\t<\/div>\n\t\t\t\t<\/div>\n\t\t\t\t\t<\/div>\n\t\t<\/div>\n\t\t\t\t\t\t\t<\/div>\n\t\t<\/section>\n\t\t\t\t<section class=\"elementor-section elementor-top-section elementor-element elementor-element-f031c24 elementor-hidden-mobile elementor-hidden-tablet_extra elementor-hidden-tablet elementor-hidden-mobile_extra elementor-section-boxed elementor-section-height-default elementor-section-height-default\" data-id=\"f031c24\" data-element_type=\"section\" id=\"basilica-madonna-pilastro-introduzione-120\">\n\t\t\t\t\t\t<div class=\"elementor-container elementor-column-gap-default\">\n\t\t\t\t\t<div data-dce-background-image-url=\"https:\/\/visite.santantonio.org\/wp-content\/uploads\/2023\/05\/basilica_madonna_del_pilatstro_introduzione_1_2_0.svg\" class=\"elementor-column elementor-col-100 elementor-top-column elementor-element elementor-element-510d245\" data-id=\"510d245\" data-element_type=\"column\" data-settings=\"{&quot;background_background&quot;:&quot;classic&quot;}\">\n\t\t\t<div class=\"elementor-widget-wrap elementor-element-populated\">\n\t\t\t\t\t\t\t\t<div class=\"elementor-element elementor-element-4675883 elementor-widget elementor-widget-shortcode\" data-id=\"4675883\" data-element_type=\"widget\" data-widget_type=\"shortcode.default\">\n\t\t\t\t<div class=\"elementor-widget-container\">\n\t\t\t\t\t<div class=\"elementor-shortcode\"><div class=\"aphs-sound\" data-id=\"basilica-madonna-pilastro-introduzione-120\" data-hover-sound=\"ebsfmaaHR0cHM6Ly92aXNpdGUuc2FudGFudG9uaW8ub3JnL3dwLWNvbnRlbnQvdXBsb2Fkcy8yMDIzLzA2L2Jhc2lsaWNhLWZyYS1hdWRpb18wXzFfMC5tcDM=\"><\/div><\/div>\n\t\t\t\t<\/div>\n\t\t\t\t<\/div>\n\t\t\t\t<div class=\"elementor-element elementor-element-254672a elementor-widget elementor-widget-spacer\" data-id=\"254672a\" data-element_type=\"widget\" data-widget_type=\"spacer.default\">\n\t\t\t\t<div class=\"elementor-widget-container\">\n\t\t\t\t\t<div class=\"elementor-spacer\">\n\t\t\t<div class=\"elementor-spacer-inner\"><\/div>\n\t\t<\/div>\n\t\t\t\t<\/div>\n\t\t\t\t<\/div>\n\t\t\t\t<div class=\"elementor-element elementor-element-a7db36a elementor-widget elementor-widget-spacer\" data-id=\"a7db36a\" data-element_type=\"widget\" data-widget_type=\"spacer.default\">\n\t\t\t\t<div class=\"elementor-widget-container\">\n\t\t\t\t\t<div class=\"elementor-spacer\">\n\t\t\t<div class=\"elementor-spacer-inner\"><\/div>\n\t\t<\/div>\n\t\t\t\t<\/div>\n\t\t\t\t<\/div>\n\t\t\t\t\t<\/div>\n\t\t<\/div>\n\t\t\t\t\t\t\t<\/div>\n\t\t<\/section>\n\t\t\t\t<section class=\"elementor-section elementor-top-section elementor-element elementor-element-5370fb2 elementor-hidden-widescreen elementor-hidden-desktop elementor-hidden-laptop elementor-section-boxed elementor-section-height-default elementor-section-height-default\" data-id=\"5370fb2\" data-element_type=\"section\" id=\"mobile-basilica-madonna-pilastro-introduzione-120\">\n\t\t\t\t\t\t<div class=\"elementor-container elementor-column-gap-default\">\n\t\t\t\t\t<div class=\"elementor-column elementor-col-100 elementor-top-column elementor-element elementor-element-ac9b497\" data-id=\"ac9b497\" data-element_type=\"column\" data-settings=\"{&quot;background_background&quot;:&quot;classic&quot;}\">\n\t\t\t<div class=\"elementor-widget-wrap elementor-element-populated\">\n\t\t\t\t\t\t\t\t<div class=\"elementor-element elementor-element-82be1e7 dce_masking-none elementor-widget elementor-widget-image\" data-id=\"82be1e7\" data-element_type=\"widget\" data-widget_type=\"image.default\">\n\t\t\t\t<div class=\"elementor-widget-container\">\n\t\t\t\t\t\t\t\t\t\t\t\t\t\t\t<img loading=\"lazy\" decoding=\"async\" width=\"360\" height=\"360\" src=\"https:\/\/visite.santantonio.org\/wp-content\/uploads\/2023\/05\/mobile_basilica_madonna_del_pilatstro_introduzione_1_2_0.svg\" class=\"attachment-full size-full wp-image-1275\" alt=\"\" \/>\t\t\t\t\t\t\t\t\t\t\t\t\t\t\t<\/div>\n\t\t\t\t<\/div>\n\t\t\t\t<div class=\"elementor-element elementor-element-e366503 elementor-widget elementor-widget-shortcode\" data-id=\"e366503\" data-element_type=\"widget\" data-widget_type=\"shortcode.default\">\n\t\t\t\t<div class=\"elementor-widget-container\">\n\t\t\t\t\t<div class=\"elementor-shortcode\"><div class=\"aphs-sound\" data-id=\"mobile-basilica-madonna-pilastro-introduzione-120\" data-hover-sound=\"ebsfmaaHR0cHM6Ly92aXNpdGUuc2FudGFudG9uaW8ub3JnL3dwLWNvbnRlbnQvdXBsb2Fkcy8yMDIzLzA2L2Jhc2lsaWNhLWZyYS1hdWRpb18wXzFfMC5tcDM=\"><\/div><\/div>\n\t\t\t\t<\/div>\n\t\t\t\t<\/div>\n\t\t\t\t\t<\/div>\n\t\t<\/div>\n\t\t\t\t\t\t\t<\/div>\n\t\t<\/section>\n\t\t\t\t<section class=\"elementor-section elementor-top-section elementor-element elementor-element-e5697ed elementor-section-boxed elementor-section-height-default elementor-section-height-default\" data-id=\"e5697ed\" data-element_type=\"section\">\n\t\t\t\t\t\t<div class=\"elementor-container elementor-column-gap-default\">\n\t\t\t\t\t<div class=\"elementor-column elementor-col-100 elementor-top-column elementor-element elementor-element-4d232da\" data-id=\"4d232da\" data-element_type=\"column\">\n\t\t\t<div class=\"elementor-widget-wrap elementor-element-populated\">\n\t\t\t\t\t\t\t\t<div class=\"elementor-element elementor-element-c39bd2a elementor-widget elementor-widget-heading\" data-id=\"c39bd2a\" data-element_type=\"widget\" data-widget_type=\"heading.default\">\n\t\t\t\t<div class=\"elementor-widget-container\">\n\t\t\t<h3 class=\"elementor-heading-title elementor-size-default\">2.0 Vierge \u00e0 l\u2019Enfant<\/h3>\t\t<\/div>\n\t\t\t\t<\/div>\n\t\t\t\t<div class=\"elementor-element elementor-element-e7c1d4a elementor-widget elementor-widget-text-editor\" data-id=\"e7c1d4a\" data-element_type=\"widget\" data-widget_type=\"text-editor.default\">\n\t\t\t\t<div class=\"elementor-widget-container\">\n\t\t\t\t\t\t\t<p>Connue aussi sous le nom de <em>Madonna degli orbi<\/em> (Vierge des aveugles), car ici les aveugles venaient autrefois demander l&rsquo;aum\u00f4ne, cette \u0153uvre a \u00e9t\u00e9 peinte dans la seconde moiti\u00e9 du XIV<sup>e<\/sup> si\u00e8cle par Stefano da Ferrara, un peintre gothique raffin\u00e9.<br \/>La Vierge du Pilier est l&rsquo;une des images de la Vierge \u2013 on en compte plus de 100 pr\u00e9sentes dans la Basilique \u2013 qui, comme le rappelle l&rsquo;inscription au pied de la statue du saint sur la fa\u00e7ade, est en fait d\u00e9di\u00e9e \u00e0 la fois \u00e0 saint Antoine et \u00e0 sainte Maria Mater (Marie, M\u00e8re de Dieu, ndlt), le noyau autour duquel s&rsquo;est d\u00e9velopp\u00e9e la construction de la Basilique.<\/p>\t\t\t\t\t\t<\/div>\n\t\t\t\t<\/div>\n\t\t\t\t\t<\/div>\n\t\t<\/div>\n\t\t\t\t\t\t\t<\/div>\n\t\t<\/section>\n\t\t\t\t<section class=\"elementor-section elementor-top-section elementor-element elementor-element-9d29257 elementor-section-content-middle elementor-hidden-mobile elementor-hidden-tablet_extra elementor-hidden-tablet elementor-hidden-mobile_extra elementor-section-boxed elementor-section-height-default elementor-section-height-default\" data-id=\"9d29257\" data-element_type=\"section\">\n\t\t\t\t\t\t<div class=\"elementor-container elementor-column-gap-default\">\n\t\t\t\t\t<div class=\"elementor-column elementor-col-33 elementor-top-column elementor-element elementor-element-3899bc3\" data-id=\"3899bc3\" data-element_type=\"column\" id=\"basilica-madonna-pilastro-introduzione-121\" data-settings=\"{&quot;background_background&quot;:&quot;classic&quot;}\">\n\t\t\t<div class=\"elementor-widget-wrap elementor-element-populated\">\n\t\t\t\t\t\t\t\t<div class=\"elementor-element elementor-element-e3a087f elementor-widget elementor-widget-heading\" data-id=\"e3a087f\" data-element_type=\"widget\" data-widget_type=\"heading.default\">\n\t\t\t\t<div class=\"elementor-widget-container\">\n\t\t\t<h3 class=\"elementor-heading-title elementor-size-default\">2.1 pietro annigoni<br>\n&nbsp;<\/h3>\t\t<\/div>\n\t\t\t\t<\/div>\n\t\t\t\t<div class=\"elementor-element elementor-element-e04f007 dce_masking-none elementor-widget elementor-widget-image\" data-id=\"e04f007\" data-element_type=\"widget\" data-widget_type=\"image.default\">\n\t\t\t\t<div class=\"elementor-widget-container\">\n\t\t\t\t\t\t\t\t\t\t\t\t\t\t\t<img loading=\"lazy\" decoding=\"async\" width=\"630\" height=\"269\" src=\"https:\/\/visite.santantonio.org\/wp-content\/uploads\/2023\/08\/basilica_madonna_del_pilatstro_pietro_annigoni_1_2_1-desktop.svg\" class=\"attachment-full size-full wp-image-7888\" alt=\"\" \/>\t\t\t\t\t\t\t\t\t\t\t\t\t\t\t<\/div>\n\t\t\t\t<\/div>\n\t\t\t\t<div class=\"elementor-element elementor-element-50de4ca elementor-widget elementor-widget-shortcode\" data-id=\"50de4ca\" data-element_type=\"widget\" data-widget_type=\"shortcode.default\">\n\t\t\t\t<div class=\"elementor-widget-container\">\n\t\t\t\t\t<div class=\"elementor-shortcode\"><div class=\"aphs-sound\" data-id=\"basilica-madonna-pilastro-introduzione-121\" data-hover-sound=\"ebsfmaaHR0cHM6Ly92aXNpdGUuc2FudGFudG9uaW8ub3JnL3dwLWNvbnRlbnQvdXBsb2Fkcy8yMDIzLzA2L2Jhc2lsaWNhLWZyYS1hdWRpb18wXzFfMS5tcDM=\"><\/div><\/div>\n\t\t\t\t<\/div>\n\t\t\t\t<\/div>\n\t\t\t\t\t<\/div>\n\t\t<\/div>\n\t\t\t\t<div class=\"elementor-column elementor-col-33 elementor-top-column elementor-element elementor-element-91a08f9\" data-id=\"91a08f9\" data-element_type=\"column\" id=\"introduzione-005\" data-settings=\"{&quot;background_background&quot;:&quot;classic&quot;}\">\n\t\t\t<div class=\"elementor-widget-wrap\">\n\t\t\t\t\t\t\t\t\t<\/div>\n\t\t<\/div>\n\t\t\t\t<div class=\"elementor-column elementor-col-33 elementor-top-column elementor-element elementor-element-7d0fa5d\" data-id=\"7d0fa5d\" data-element_type=\"column\" id=\"introduzione-006\" data-settings=\"{&quot;background_background&quot;:&quot;classic&quot;}\">\n\t\t\t<div class=\"elementor-widget-wrap\">\n\t\t\t\t\t\t\t\t\t<\/div>\n\t\t<\/div>\n\t\t\t\t\t\t\t<\/div>\n\t\t<\/section>\n\t\t\t\t<section class=\"elementor-section elementor-top-section elementor-element elementor-element-f38c441 elementor-section-full_width elementor-section-content-top elementor-hidden-widescreen elementor-hidden-desktop elementor-hidden-laptop elementor-section-height-default elementor-section-height-default\" data-id=\"f38c441\" data-element_type=\"section\" id=\"mobile-basilica-madonna-pilastro-introduzione-121\">\n\t\t\t\t\t\t<div class=\"elementor-container elementor-column-gap-default\">\n\t\t\t\t\t<div class=\"elementor-column elementor-col-100 elementor-top-column elementor-element elementor-element-9636adc\" data-id=\"9636adc\" data-element_type=\"column\">\n\t\t\t<div class=\"elementor-widget-wrap elementor-element-populated\">\n\t\t\t\t\t\t\t\t<div class=\"elementor-element elementor-element-9eb6e8d elementor-widget elementor-widget-heading\" data-id=\"9eb6e8d\" data-element_type=\"widget\" data-widget_type=\"heading.default\">\n\t\t\t\t<div class=\"elementor-widget-container\">\n\t\t\t<h3 class=\"elementor-heading-title elementor-size-default\">2.1 pietro annigoni<br>\n&nbsp;<\/h3>\t\t<\/div>\n\t\t\t\t<\/div>\n\t\t\t\t<div class=\"elementor-element elementor-element-46f520a dce_masking-none elementor-widget elementor-widget-image\" data-id=\"46f520a\" data-element_type=\"widget\" data-widget_type=\"image.default\">\n\t\t\t\t<div class=\"elementor-widget-container\">\n\t\t\t\t\t\t\t\t\t\t\t\t\t\t\t<img loading=\"lazy\" decoding=\"async\" width=\"360\" height=\"360\" src=\"https:\/\/visite.santantonio.org\/wp-content\/uploads\/2023\/08\/basilica_madonna_del_pilatstro_pietro_annigoni_1_2_1-mobile.svg\" class=\"attachment-full size-full wp-image-7893\" alt=\"\" \/>\t\t\t\t\t\t\t\t\t\t\t\t\t\t\t<\/div>\n\t\t\t\t<\/div>\n\t\t\t\t<div class=\"elementor-element elementor-element-ace380c elementor-widget elementor-widget-shortcode\" data-id=\"ace380c\" data-element_type=\"widget\" data-widget_type=\"shortcode.default\">\n\t\t\t\t<div class=\"elementor-widget-container\">\n\t\t\t\t\t<div class=\"elementor-shortcode\"><div class=\"aphs-sound\" data-id=\"mobile-basilica-madonna-pilastro-introduzione-121\" data-hover-sound=\"ebsfmaaHR0cHM6Ly92aXNpdGUuc2FudGFudG9uaW8ub3JnL3dwLWNvbnRlbnQvdXBsb2Fkcy8yMDIzLzA2L2Jhc2lsaWNhLWZyYS1hdWRpb18wXzFfMS5tcDM=\"><\/div><\/div>\n\t\t\t\t<\/div>\n\t\t\t\t<\/div>\n\t\t\t\t\t<\/div>\n\t\t<\/div>\n\t\t\t\t\t\t\t<\/div>\n\t\t<\/section>\n\t\t\t\t\t\t\t<\/div>\n\t\t","protected":false},"excerpt":{"rendered":"2. Vierge \u00e0 l\u2019Enfant 2.0 Vierge \u00e0 l\u2019Enfant Connue aussi sous le nom de Madonna degli orbi (Vierge des aveugles), car ici les aveugles venaient autrefois demander l&rsquo;aum\u00f4ne, cette \u0153uvre a \u00e9t\u00e9 peinte dans la seconde moiti\u00e9 du XIVe si\u00e8cle par Stefano da Ferrara, un peintre gothique raffin\u00e9.La Vierge du Pilier est l&rsquo;une des images [&hellip;]","protected":false},"author":1,"featured_media":0,"parent":0,"menu_order":0,"comment_status":"closed","ping_status":"closed","template":"","meta":{"footnotes":""},"class_list":["post-4468","page","type-page","status-publish","hentry"],"_links":{"self":[{"href":"https:\/\/visite.santantonio.org\/fr\/wp-json\/wp\/v2\/pages\/4468","targetHints":{"allow":["GET"]}}],"collection":[{"href":"https:\/\/visite.santantonio.org\/fr\/wp-json\/wp\/v2\/pages"}],"about":[{"href":"https:\/\/visite.santantonio.org\/fr\/wp-json\/wp\/v2\/types\/page"}],"author":[{"embeddable":true,"href":"https:\/\/visite.santantonio.org\/fr\/wp-json\/wp\/v2\/users\/1"}],"replies":[{"embeddable":true,"href":"https:\/\/visite.santantonio.org\/fr\/wp-json\/wp\/v2\/comments?post=4468"}],"version-history":[{"count":35,"href":"https:\/\/visite.santantonio.org\/fr\/wp-json\/wp\/v2\/pages\/4468\/revisions"}],"predecessor-version":[{"id":8139,"href":"https:\/\/visite.santantonio.org\/fr\/wp-json\/wp\/v2\/pages\/4468\/revisions\/8139"}],"wp:attachment":[{"href":"https:\/\/visite.santantonio.org\/fr\/wp-json\/wp\/v2\/media?parent=4468"}],"curies":[{"name":"wp","href":"https:\/\/api.w.org\/{rel}","templated":true}]}}