{"id":4128,"date":"2023-06-07T14:16:28","date_gmt":"2023-06-07T12:16:28","guid":{"rendered":"https:\/\/visite.santantonio.org\/11-basilica-claustro-de-la-magnolia\/"},"modified":"2023-09-11T11:58:54","modified_gmt":"2023-09-11T09:58:54","slug":"basilica-claustros","status":"publish","type":"page","link":"https:\/\/visite.santantonio.org\/es\/basilica-claustros\/","title":{"rendered":"11. Bas\u00edlica &#8211; Claustros"},"content":{"rendered":"\t\t<div data-elementor-type=\"wp-page\" data-elementor-id=\"4128\" class=\"elementor elementor-4128 elementor-1986\" data-elementor-post-type=\"page\">\n\t\t\t\t\t\t\t\t\t<section class=\"elementor-section elementor-top-section elementor-element elementor-element-765c283 elementor-section-boxed elementor-section-height-default elementor-section-height-default\" data-id=\"765c283\" data-element_type=\"section\">\n\t\t\t\t\t\t<div class=\"elementor-container elementor-column-gap-default\">\n\t\t\t\t\t<div class=\"elementor-column elementor-col-100 elementor-top-column elementor-element elementor-element-835fd51\" data-id=\"835fd51\" data-element_type=\"column\">\n\t\t\t<div class=\"elementor-widget-wrap elementor-element-populated\">\n\t\t\t\t\t\t\t\t<div class=\"elementor-element elementor-element-da50732 elementor-widget elementor-widget-heading\" data-id=\"da50732\" data-element_type=\"widget\" data-widget_type=\"heading.default\">\n\t\t\t\t<div class=\"elementor-widget-container\">\n\t\t\t<h1 class=\"elementor-heading-title elementor-size-default\">11. Claustros<\/h1>\t\t<\/div>\n\t\t\t\t<\/div>\n\t\t\t\t<div class=\"elementor-element elementor-element-003a388 elementor-widget__width-auto elementor-fixed dce_masking-none elementor-widget elementor-widget-image\" data-id=\"003a388\" data-element_type=\"widget\" data-settings=\"{&quot;_position&quot;:&quot;fixed&quot;}\" data-widget_type=\"image.default\">\n\t\t\t\t<div class=\"elementor-widget-container\">\n\t\t\t\t\t\t\t\t\t\t\t\t\t\t\t\t<a href=\"#elementor-action%3Aaction%3Dpopup%3Aopen%26settings%3DeyJpZCI6NjE5NywidG9nZ2xlIjpmYWxzZX0%3D\">\n\t\t\t\t\t\t\t<img loading=\"lazy\" decoding=\"async\" width=\"965\" height=\"965\" src=\"https:\/\/visite.santantonio.org\/wp-content\/uploads\/2023\/06\/legenda-basilica-11-1.png\" class=\"attachment-full size-full wp-image-6339\" alt=\"\" srcset=\"https:\/\/visite.santantonio.org\/wp-content\/uploads\/2023\/06\/legenda-basilica-11-1.png 965w, https:\/\/visite.santantonio.org\/wp-content\/uploads\/2023\/06\/legenda-basilica-11-1-300x300.png 300w, https:\/\/visite.santantonio.org\/wp-content\/uploads\/2023\/06\/legenda-basilica-11-1-150x150.png 150w, https:\/\/visite.santantonio.org\/wp-content\/uploads\/2023\/06\/legenda-basilica-11-1-768x768.png 768w\" sizes=\"auto, (max-width: 965px) 100vw, 965px\" \/>\t\t\t\t\t\t\t\t<\/a>\n\t\t\t\t\t\t\t\t\t\t\t\t\t\t\t<\/div>\n\t\t\t\t<\/div>\n\t\t\t\t\t<\/div>\n\t\t<\/div>\n\t\t\t\t\t\t\t<\/div>\n\t\t<\/section>\n\t\t\t\t<section class=\"elementor-section elementor-top-section elementor-element elementor-element-f031c24 elementor-hidden-mobile elementor-hidden-tablet_extra elementor-hidden-tablet elementor-hidden-mobile_extra elementor-section-boxed elementor-section-height-default elementor-section-height-default\" data-id=\"f031c24\" data-element_type=\"section\" id=\"basilica-chiostri-1110\">\n\t\t\t\t\t\t<div class=\"elementor-container elementor-column-gap-default\">\n\t\t\t\t\t<div data-dce-background-image-url=\"https:\/\/visite.santantonio.org\/wp-content\/uploads\/2023\/06\/basilica_chiostri_1_11_0.svg\" class=\"elementor-column elementor-col-100 elementor-top-column elementor-element elementor-element-510d245\" data-id=\"510d245\" data-element_type=\"column\" id=\"basilica-madonna-mora-140\" data-settings=\"{&quot;background_background&quot;:&quot;classic&quot;}\">\n\t\t\t<div class=\"elementor-widget-wrap elementor-element-populated\">\n\t\t\t\t\t\t\t\t<div class=\"elementor-element elementor-element-4675883 elementor-widget elementor-widget-shortcode\" data-id=\"4675883\" data-element_type=\"widget\" data-widget_type=\"shortcode.default\">\n\t\t\t\t<div class=\"elementor-widget-container\">\n\t\t\t\t\t<div class=\"elementor-shortcode\"><div class=\"aphs-sound\" data-id=\"basilica-chiostri-1110\" data-hover-sound=\"ebsfmaaHR0cHM6Ly92aXNpdGUuc2FudGFudG9uaW8ub3JnL3dwLWNvbnRlbnQvdXBsb2Fkcy8yMDIzLzA2L2Jhc2lsaWNhLWVzcC1hdWRpb18wXzEwXzAubXAz\"><\/div><\/div>\n\t\t\t\t<\/div>\n\t\t\t\t<\/div>\n\t\t\t\t<div class=\"elementor-element elementor-element-254672a elementor-widget elementor-widget-spacer\" data-id=\"254672a\" data-element_type=\"widget\" data-widget_type=\"spacer.default\">\n\t\t\t\t<div class=\"elementor-widget-container\">\n\t\t\t\t\t<div class=\"elementor-spacer\">\n\t\t\t<div class=\"elementor-spacer-inner\"><\/div>\n\t\t<\/div>\n\t\t\t\t<\/div>\n\t\t\t\t<\/div>\n\t\t\t\t<div class=\"elementor-element elementor-element-a7db36a elementor-widget elementor-widget-spacer\" data-id=\"a7db36a\" data-element_type=\"widget\" data-widget_type=\"spacer.default\">\n\t\t\t\t<div class=\"elementor-widget-container\">\n\t\t\t\t\t<div class=\"elementor-spacer\">\n\t\t\t<div class=\"elementor-spacer-inner\"><\/div>\n\t\t<\/div>\n\t\t\t\t<\/div>\n\t\t\t\t<\/div>\n\t\t\t\t\t<\/div>\n\t\t<\/div>\n\t\t\t\t\t\t\t<\/div>\n\t\t<\/section>\n\t\t\t\t<section class=\"elementor-section elementor-top-section elementor-element elementor-element-5370fb2 elementor-hidden-widescreen elementor-hidden-desktop elementor-hidden-laptop elementor-section-boxed elementor-section-height-default elementor-section-height-default\" data-id=\"5370fb2\" data-element_type=\"section\" id=\"mobile_basilica-chiostri-1110\">\n\t\t\t\t\t\t<div class=\"elementor-container elementor-column-gap-default\">\n\t\t\t\t\t<div class=\"elementor-column elementor-col-100 elementor-top-column elementor-element elementor-element-ac9b497\" data-id=\"ac9b497\" data-element_type=\"column\" data-settings=\"{&quot;background_background&quot;:&quot;classic&quot;}\">\n\t\t\t<div class=\"elementor-widget-wrap elementor-element-populated\">\n\t\t\t\t\t\t\t\t<div class=\"elementor-element elementor-element-82be1e7 dce_masking-none elementor-widget elementor-widget-image\" data-id=\"82be1e7\" data-element_type=\"widget\" data-widget_type=\"image.default\">\n\t\t\t\t<div class=\"elementor-widget-container\">\n\t\t\t\t\t\t\t\t\t\t\t\t\t\t\t<img loading=\"lazy\" decoding=\"async\" width=\"360\" height=\"360\" src=\"https:\/\/visite.santantonio.org\/wp-content\/uploads\/2023\/06\/mobile_basilica_i_chiostri_1_11_0.svg\" class=\"attachment-full size-full wp-image-2121\" alt=\"\" \/>\t\t\t\t\t\t\t\t\t\t\t\t\t\t\t<\/div>\n\t\t\t\t<\/div>\n\t\t\t\t<div class=\"elementor-element elementor-element-e366503 elementor-widget elementor-widget-shortcode\" data-id=\"e366503\" data-element_type=\"widget\" data-widget_type=\"shortcode.default\">\n\t\t\t\t<div class=\"elementor-widget-container\">\n\t\t\t\t\t<div class=\"elementor-shortcode\"><div class=\"aphs-sound\" data-id=\"mobile_basilica-chiostri-1110\" data-hover-sound=\"ebsfmaaHR0cHM6Ly92aXNpdGUuc2FudGFudG9uaW8ub3JnL3dwLWNvbnRlbnQvdXBsb2Fkcy8yMDIzLzA2L2Jhc2lsaWNhLWVzcC1hdWRpb18wXzEwXzAubXAz\"><\/div><\/div>\n\t\t\t\t<\/div>\n\t\t\t\t<\/div>\n\t\t\t\t\t<\/div>\n\t\t<\/div>\n\t\t\t\t\t\t\t<\/div>\n\t\t<\/section>\n\t\t\t\t<section class=\"elementor-section elementor-top-section elementor-element elementor-element-e5697ed elementor-section-boxed elementor-section-height-default elementor-section-height-default\" data-id=\"e5697ed\" data-element_type=\"section\">\n\t\t\t\t\t\t<div class=\"elementor-container elementor-column-gap-default\">\n\t\t\t\t\t<div class=\"elementor-column elementor-col-100 elementor-top-column elementor-element elementor-element-4d232da\" data-id=\"4d232da\" data-element_type=\"column\">\n\t\t\t<div class=\"elementor-widget-wrap elementor-element-populated\">\n\t\t\t\t\t\t\t\t<div class=\"elementor-element elementor-element-e7c1d4a elementor-widget elementor-widget-text-editor\" data-id=\"e7c1d4a\" data-element_type=\"widget\" data-widget_type=\"text-editor.default\">\n\t\t\t\t<div class=\"elementor-widget-container\">\n\t\t\t\t\t\t\t<p>Hay cuatro claustros, casi todos construidos en el siglo XV.<br \/>El primero es el Claustro del Cap\u00edtulo o de la Magnolia, de 1435, que comunicaba los espacios donde ten\u00edan lugar los momentos m\u00e1s importantes de la vida de los frailes: la Bas\u00edlica, la Sala Capitular y los dos Refectorios, donde hoy se encuentra la Penitenciar\u00eda.<br \/>Le sigue el Claustro del General, construido inmediatamente despu\u00e9s del Claustro de la Magnolia, que hoy alberga la Administraci\u00f3n Pontificia y desde el que se accede a la Biblioteca Antoniana.<br \/>El Claustro del Beato Lucas, el \u00faltimo en construirse, en la segunda mitad del siglo XVI, conserva el trazado g\u00f3tico, aunque est\u00e1 sostenido por columnas de estilo renacentista. Aqu\u00ed se encuentra la estatua de Lorenzo Quinn, hijo del actor Anthony, que representa a San Antonio mediando entre el Ni\u00f1o Jes\u00fas y los devotos; mientras que en el lado sur se encuentra el acceso a los Museos Antonianos.<br \/>Por \u00faltimo, el Claustro del Noviciado, que est\u00e1 cerrado al p\u00fablico. Su construcci\u00f3n se remonta a 1472, financiado en parte por el Papa Sixto IV della Rovere, que hab\u00eda hecho su noviciado en Padua.<\/p>\t\t\t\t\t\t<\/div>\n\t\t\t\t<\/div>\n\t\t\t\t\t<\/div>\n\t\t<\/div>\n\t\t\t\t\t\t\t<\/div>\n\t\t<\/section>\n\t\t\t\t\t\t\t<\/div>\n\t\t","protected":false},"excerpt":{"rendered":"11. Claustros Hay cuatro claustros, casi todos construidos en el siglo XV.El primero es el Claustro del Cap\u00edtulo o de la Magnolia, de 1435, que comunicaba los espacios donde ten\u00edan lugar los momentos m\u00e1s importantes de la vida de los frailes: la Bas\u00edlica, la Sala Capitular y los dos Refectorios, donde hoy se encuentra la [&hellip;]","protected":false},"author":1,"featured_media":0,"parent":0,"menu_order":0,"comment_status":"closed","ping_status":"closed","template":"","meta":{"footnotes":""},"class_list":["post-4128","page","type-page","status-publish","hentry"],"_links":{"self":[{"href":"https:\/\/visite.santantonio.org\/es\/wp-json\/wp\/v2\/pages\/4128","targetHints":{"allow":["GET"]}}],"collection":[{"href":"https:\/\/visite.santantonio.org\/es\/wp-json\/wp\/v2\/pages"}],"about":[{"href":"https:\/\/visite.santantonio.org\/es\/wp-json\/wp\/v2\/types\/page"}],"author":[{"embeddable":true,"href":"https:\/\/visite.santantonio.org\/es\/wp-json\/wp\/v2\/users\/1"}],"replies":[{"embeddable":true,"href":"https:\/\/visite.santantonio.org\/es\/wp-json\/wp\/v2\/comments?post=4128"}],"version-history":[{"count":23,"href":"https:\/\/visite.santantonio.org\/es\/wp-json\/wp\/v2\/pages\/4128\/revisions"}],"predecessor-version":[{"id":8255,"href":"https:\/\/visite.santantonio.org\/es\/wp-json\/wp\/v2\/pages\/4128\/revisions\/8255"}],"wp:attachment":[{"href":"https:\/\/visite.santantonio.org\/es\/wp-json\/wp\/v2\/media?parent=4128"}],"curies":[{"name":"wp","href":"https:\/\/api.w.org\/{rel}","templated":true}]}}