{"id":5554,"date":"2023-06-22T08:08:16","date_gmt":"2023-06-22T06:08:16","guid":{"rendered":"https:\/\/visite.santantonio.org\/15-museum-der-volksfroemmigkeit-und-donatello-saal\/"},"modified":"2023-09-11T12:55:14","modified_gmt":"2023-09-11T10:55:14","slug":"museum-der-volksfroemmigkeit-und-donatello-saal","status":"publish","type":"page","link":"https:\/\/visite.santantonio.org\/de\/museum-der-volksfroemmigkeit-und-donatello-saal\/","title":{"rendered":"15. Museum der Volksfr\u00f6mmigkeit und Donatello-Saal"},"content":{"rendered":"\t\t<div data-elementor-type=\"wp-page\" data-elementor-id=\"5554\" class=\"elementor elementor-5554 elementor-3002\" data-elementor-post-type=\"page\">\n\t\t\t\t\t\t\t\t\t<section class=\"elementor-section elementor-top-section elementor-element elementor-element-765c283 elementor-section-boxed elementor-section-height-default elementor-section-height-default\" data-id=\"765c283\" data-element_type=\"section\">\n\t\t\t\t\t\t<div class=\"elementor-container elementor-column-gap-default\">\n\t\t\t\t\t<div class=\"elementor-column elementor-col-100 elementor-top-column elementor-element elementor-element-835fd51\" data-id=\"835fd51\" data-element_type=\"column\">\n\t\t\t<div class=\"elementor-widget-wrap elementor-element-populated\">\n\t\t\t\t\t\t\t\t<div class=\"elementor-element elementor-element-da50732 elementor-widget elementor-widget-heading\" data-id=\"da50732\" data-element_type=\"widget\" data-widget_type=\"heading.default\">\n\t\t\t\t<div class=\"elementor-widget-container\">\n\t\t\t<h1 class=\"elementor-heading-title elementor-size-default\">Museum der Volksfr\u00f6mmigkeit <br>und Donatello-Saal<\/h1>\t\t<\/div>\n\t\t\t\t<\/div>\n\t\t\t\t<div class=\"elementor-element elementor-element-f1c555d elementor-widget__width-auto elementor-fixed dce_masking-none elementor-widget elementor-widget-image\" data-id=\"f1c555d\" data-element_type=\"widget\" data-settings=\"{&quot;_position&quot;:&quot;fixed&quot;}\" data-widget_type=\"image.default\">\n\t\t\t\t<div class=\"elementor-widget-container\">\n\t\t\t\t\t\t\t\t\t\t\t\t\t\t\t\t<a href=\"#elementor-action%3Aaction%3Dpopup%3Aopen%26settings%3DeyJpZCI6NzEyNSwidG9nZ2xlIjpmYWxzZX0%3D\">\n\t\t\t\t\t\t\t<img loading=\"lazy\" decoding=\"async\" width=\"965\" height=\"965\" src=\"https:\/\/visite.santantonio.org\/wp-content\/uploads\/2023\/07\/legenda-basilica-15.png\" class=\"attachment-full size-full wp-image-6863\" alt=\"\" srcset=\"https:\/\/visite.santantonio.org\/wp-content\/uploads\/2023\/07\/legenda-basilica-15.png 965w, https:\/\/visite.santantonio.org\/wp-content\/uploads\/2023\/07\/legenda-basilica-15-300x300.png 300w, https:\/\/visite.santantonio.org\/wp-content\/uploads\/2023\/07\/legenda-basilica-15-150x150.png 150w, https:\/\/visite.santantonio.org\/wp-content\/uploads\/2023\/07\/legenda-basilica-15-768x768.png 768w\" sizes=\"auto, (max-width: 965px) 100vw, 965px\" \/>\t\t\t\t\t\t\t\t<\/a>\n\t\t\t\t\t\t\t\t\t\t\t\t\t\t\t<\/div>\n\t\t\t\t<\/div>\n\t\t\t\t\t<\/div>\n\t\t<\/div>\n\t\t\t\t\t\t\t<\/div>\n\t\t<\/section>\n\t\t\t\t<section class=\"elementor-section elementor-top-section elementor-element elementor-element-f031c24 elementor-hidden-mobile elementor-hidden-tablet_extra elementor-hidden-tablet elementor-hidden-mobile_extra elementor-section-boxed elementor-section-height-default elementor-section-height-default\" data-id=\"f031c24\" data-element_type=\"section\" id=\"museo-devozione-501\">\n\t\t\t\t\t\t<div class=\"elementor-container elementor-column-gap-default\">\n\t\t\t\t\t<div data-dce-background-image-url=\"https:\/\/visite.santantonio.org\/wp-content\/uploads\/2023\/09\/museo-devozione-header.svg\" class=\"elementor-column elementor-col-100 elementor-top-column elementor-element elementor-element-510d245\" data-id=\"510d245\" data-element_type=\"column\" data-settings=\"{&quot;background_background&quot;:&quot;classic&quot;}\">\n\t\t\t<div class=\"elementor-widget-wrap elementor-element-populated\">\n\t\t\t\t\t\t\t\t<div class=\"elementor-element elementor-element-4675883 elementor-widget elementor-widget-shortcode\" data-id=\"4675883\" data-element_type=\"widget\" data-widget_type=\"shortcode.default\">\n\t\t\t\t<div class=\"elementor-widget-container\">\n\t\t\t\t\t<div class=\"elementor-shortcode\"><div class=\"aphs-sound\" data-id=\"museo-devozione-501\" data-hover-sound=\"ebsfmaaHR0cHM6Ly92aXNpdGUuc2FudGFudG9uaW8ub3JnL3dwLWNvbnRlbnQvdXBsb2Fkcy8yMDIzLzA2L211c2VvLWRldm96aW9uZS1kZS1hdWRpb180XzBfMC5tcDM=\"><\/div><\/div>\n\t\t\t\t<\/div>\n\t\t\t\t<\/div>\n\t\t\t\t<div class=\"elementor-element elementor-element-254672a elementor-widget elementor-widget-spacer\" data-id=\"254672a\" data-element_type=\"widget\" data-widget_type=\"spacer.default\">\n\t\t\t\t<div class=\"elementor-widget-container\">\n\t\t\t\t\t<div class=\"elementor-spacer\">\n\t\t\t<div class=\"elementor-spacer-inner\"><\/div>\n\t\t<\/div>\n\t\t\t\t<\/div>\n\t\t\t\t<\/div>\n\t\t\t\t<div class=\"elementor-element elementor-element-a7db36a elementor-widget elementor-widget-spacer\" data-id=\"a7db36a\" data-element_type=\"widget\" data-widget_type=\"spacer.default\">\n\t\t\t\t<div class=\"elementor-widget-container\">\n\t\t\t\t\t<div class=\"elementor-spacer\">\n\t\t\t<div class=\"elementor-spacer-inner\"><\/div>\n\t\t<\/div>\n\t\t\t\t<\/div>\n\t\t\t\t<\/div>\n\t\t\t\t\t<\/div>\n\t\t<\/div>\n\t\t\t\t\t\t\t<\/div>\n\t\t<\/section>\n\t\t\t\t<section class=\"elementor-section elementor-top-section elementor-element elementor-element-5370fb2 elementor-hidden-widescreen elementor-hidden-desktop elementor-hidden-laptop elementor-section-boxed elementor-section-height-default elementor-section-height-default\" data-id=\"5370fb2\" data-element_type=\"section\" id=\"mobile-museo-devozione-501\">\n\t\t\t\t\t\t<div class=\"elementor-container elementor-column-gap-default\">\n\t\t\t\t\t<div class=\"elementor-column elementor-col-100 elementor-top-column elementor-element elementor-element-ac9b497\" data-id=\"ac9b497\" data-element_type=\"column\" data-settings=\"{&quot;background_background&quot;:&quot;classic&quot;}\">\n\t\t\t<div class=\"elementor-widget-wrap elementor-element-populated\">\n\t\t\t\t\t\t\t\t<div class=\"elementor-element elementor-element-82be1e7 dce_masking-none elementor-widget elementor-widget-image\" data-id=\"82be1e7\" data-element_type=\"widget\" data-widget_type=\"image.default\">\n\t\t\t\t<div class=\"elementor-widget-container\">\n\t\t\t\t\t\t\t\t\t\t\t\t\t\t\t<img loading=\"lazy\" decoding=\"async\" width=\"360\" height=\"360\" src=\"https:\/\/visite.santantonio.org\/wp-content\/uploads\/2023\/06\/mobile-museo_devozione_5_0_1-1.svg\" class=\"attachment-full size-full wp-image-3045\" alt=\"\" \/>\t\t\t\t\t\t\t\t\t\t\t\t\t\t\t<\/div>\n\t\t\t\t<\/div>\n\t\t\t\t<div class=\"elementor-element elementor-element-e366503 elementor-widget elementor-widget-shortcode\" data-id=\"e366503\" data-element_type=\"widget\" data-widget_type=\"shortcode.default\">\n\t\t\t\t<div class=\"elementor-widget-container\">\n\t\t\t\t\t<div class=\"elementor-shortcode\"><div class=\"aphs-sound\" data-id=\"mobile-museo-devozione-501\" data-hover-sound=\"ebsfmaaHR0cHM6Ly92aXNpdGUuc2FudGFudG9uaW8ub3JnL3dwLWNvbnRlbnQvdXBsb2Fkcy8yMDIzLzA2L211c2VvLWRldm96aW9uZS1kZS1hdWRpb180XzBfMC5tcDM=\"><\/div><\/div>\n\t\t\t\t<\/div>\n\t\t\t\t<\/div>\n\t\t\t\t\t<\/div>\n\t\t<\/div>\n\t\t\t\t\t\t\t<\/div>\n\t\t<\/section>\n\t\t\t\t<section class=\"elementor-section elementor-top-section elementor-element elementor-element-e5697ed elementor-section-boxed elementor-section-height-default elementor-section-height-default\" data-id=\"e5697ed\" data-element_type=\"section\">\n\t\t\t\t\t\t<div class=\"elementor-container elementor-column-gap-default\">\n\t\t\t\t\t<div class=\"elementor-column elementor-col-100 elementor-top-column elementor-element elementor-element-4d232da\" data-id=\"4d232da\" data-element_type=\"column\">\n\t\t\t<div class=\"elementor-widget-wrap elementor-element-populated\">\n\t\t\t\t\t\t\t\t<div class=\"elementor-element elementor-element-c39bd2a elementor-widget elementor-widget-heading\" data-id=\"c39bd2a\" data-element_type=\"widget\" data-widget_type=\"heading.default\">\n\t\t\t\t<div class=\"elementor-widget-container\">\n\t\t\t<h3 class=\"elementor-heading-title elementor-size-default\">1. Museum der Volksfr\u00f6mmigkeit und Donatello-Saal<\/h3>\t\t<\/div>\n\t\t\t\t<\/div>\n\t\t\t\t<div class=\"elementor-element elementor-element-e7c1d4a elementor-widget elementor-widget-text-editor\" data-id=\"e7c1d4a\" data-element_type=\"widget\" data-widget_type=\"text-editor.default\">\n\t\t\t\t<div class=\"elementor-widget-container\">\n\t\t\t\t\t\t\t<p>Von allen gro\u00dfen Pers\u00f6nlichkeiten der franziskanischen Tradition kann nur Antonius den Titel,, wundert\u00e4tiger Heiliger\u201c tragen. Aus diesem Grund wurde 1981 anl\u00e4sslich der Feierlichkeiten zum 750. Geburtstag des Heiligen das Museum der Volksfr\u00f6mmigkeit eingerichtet, das eine beeindruckende Anzahl von Gegenst\u00e4nden aus der ganzen Welt beherbergt, die der Basilika von den Gl\u00e4ubigen als Dank f\u00fcr die durch die F\u00fcrsprache des Heiligen erhaltenen Gnaden geschenkt wurden.<br \/>Es handelt sich dabei um so genannten Ex-Voti, die mit den Buchstaben P.G.R. (Per Grazia Ricevuta), \u201ef\u00fcr\u00a0empfangene Gnaden\u201c, versehen sind &#8211; Zeugnisse des Glaubens und der Liebe, die von der au\u00dfergew\u00f6hnlichen Zuneigung erz\u00e4hlen, die Antonius seit Jahrhunderten mit seinen Anh\u00e4ngern verbindet.<\/p><p>Was wir sehen, ist nicht die urspr\u00fcngliche, von Donatello entworfene Struktur, sondern die letzte von mehreren Umgestaltungen, die im Laufe der Jahrhunderte vorgenommen wurden, insbesondere von Camillo Boito im Jahr 1895, bei der alle Bronzestatuen Donatellos, die bei fr\u00fcheren Umgestaltungen in der Basilika verteilt worden waren, zusammengetragen wurden. Alle 30 Bronzestatuen, die Donatello zwischen 1443 und 1453 f\u00fcr das Innere der Basilika gegossen hat, sind hier erhalten. Auf dem Altar befinden sich zu beiden Seiten der Jungfrau sechs Statuen, die drei franziskanische und drei paduanische Heilige darstellen, und zwar in der Reihenfolge von links nach rechts: der heilige Ludwig von Anjou, die heilige Giustina, der heilige Franziskus, der heilige Antonius, der heilige Daniel und der heilige Prosdocimus. <br \/>Dargestellt wurden sie alle wie Menschen und nicht wie Heilige, denn ihre Heiligkeit ist etwas Intimes, Inneres, und es ist kein Zufall, dass sie in Bronze gegossen sind, dem dunklen Material der Welt des Geheimnisses, dem Material der Ewigkeit.<\/p>\t\t\t\t\t\t<\/div>\n\t\t\t\t<\/div>\n\t\t\t\t\t<\/div>\n\t\t<\/div>\n\t\t\t\t\t\t\t<\/div>\n\t\t<\/section>\n\t\t\t\t<section class=\"elementor-section elementor-top-section elementor-element elementor-element-9d29257 elementor-section-content-middle elementor-hidden-mobile elementor-hidden-tablet_extra elementor-hidden-tablet elementor-hidden-mobile_extra elementor-section-boxed elementor-section-height-default elementor-section-height-default\" data-id=\"9d29257\" data-element_type=\"section\">\n\t\t\t\t\t\t<div class=\"elementor-container elementor-column-gap-default\">\n\t\t\t\t\t<div class=\"elementor-column elementor-col-33 elementor-top-column elementor-element elementor-element-3899bc3\" data-id=\"3899bc3\" data-element_type=\"column\" id=\"museo-devozione-502\" data-settings=\"{&quot;background_background&quot;:&quot;classic&quot;}\">\n\t\t\t<div class=\"elementor-widget-wrap elementor-element-populated\">\n\t\t\t\t\t\t\t\t<div class=\"elementor-element elementor-element-e3a087f elementor-widget elementor-widget-heading\" data-id=\"e3a087f\" data-element_type=\"widget\" data-widget_type=\"heading.default\">\n\t\t\t\t<div class=\"elementor-widget-container\">\n\t\t\t<h3 class=\"elementor-heading-title elementor-size-default\">2. Donatello-Saal<br>\n&nbsp;<\/h3>\t\t<\/div>\n\t\t\t\t<\/div>\n\t\t\t\t<div class=\"elementor-element elementor-element-e04f007 dce_masking-none elementor-widget elementor-widget-image\" data-id=\"e04f007\" data-element_type=\"widget\" data-widget_type=\"image.default\">\n\t\t\t\t<div class=\"elementor-widget-container\">\n\t\t\t\t\t\t\t\t\t\t\t\t\t\t\t<img loading=\"lazy\" decoding=\"async\" width=\"630\" height=\"269\" src=\"https:\/\/visite.santantonio.org\/wp-content\/uploads\/2023\/06\/museo_devozione_5_0_2.png\" class=\"attachment-full size-full wp-image-3040\" alt=\"\" srcset=\"https:\/\/visite.santantonio.org\/wp-content\/uploads\/2023\/06\/museo_devozione_5_0_2.png 630w, https:\/\/visite.santantonio.org\/wp-content\/uploads\/2023\/06\/museo_devozione_5_0_2-300x128.png 300w\" sizes=\"auto, (max-width: 630px) 100vw, 630px\" \/>\t\t\t\t\t\t\t\t\t\t\t\t\t\t\t<\/div>\n\t\t\t\t<\/div>\n\t\t\t\t<div class=\"elementor-element elementor-element-50de4ca elementor-widget elementor-widget-shortcode\" data-id=\"50de4ca\" data-element_type=\"widget\" data-widget_type=\"shortcode.default\">\n\t\t\t\t<div class=\"elementor-widget-container\">\n\t\t\t\t\t<div class=\"elementor-shortcode\"><div class=\"aphs-sound\" data-id=\"museo-devozione-502\" data-hover-sound=\"ebsfmaaHR0cHM6Ly92aXNpdGUuc2FudGFudG9uaW8ub3JnL3dwLWNvbnRlbnQvdXBsb2Fkcy8yMDIzLzA2L211c2VvLWRldm96aW9uZS1kZS1hdWRpb180XzFfMC5tcDM=\"><\/div><\/div>\n\t\t\t\t<\/div>\n\t\t\t\t<\/div>\n\t\t\t\t\t<\/div>\n\t\t<\/div>\n\t\t\t\t<div class=\"elementor-column elementor-col-33 elementor-top-column elementor-element elementor-element-91a08f9\" data-id=\"91a08f9\" data-element_type=\"column\" id=\"introduzione-005\" data-settings=\"{&quot;background_background&quot;:&quot;classic&quot;}\">\n\t\t\t<div class=\"elementor-widget-wrap\">\n\t\t\t\t\t\t\t\t\t<\/div>\n\t\t<\/div>\n\t\t\t\t<div class=\"elementor-column elementor-col-33 elementor-top-column elementor-element elementor-element-7d0fa5d\" data-id=\"7d0fa5d\" data-element_type=\"column\" id=\"introduzione-006\" data-settings=\"{&quot;background_background&quot;:&quot;classic&quot;}\">\n\t\t\t<div class=\"elementor-widget-wrap\">\n\t\t\t\t\t\t\t\t\t<\/div>\n\t\t<\/div>\n\t\t\t\t\t\t\t<\/div>\n\t\t<\/section>\n\t\t\t\t<section class=\"elementor-section elementor-top-section elementor-element elementor-element-f38c441 elementor-section-full_width elementor-section-content-top elementor-hidden-widescreen elementor-hidden-desktop elementor-hidden-laptop elementor-section-height-default elementor-section-height-default\" data-id=\"f38c441\" data-element_type=\"section\" id=\"mobile-museo-devozione-502\">\n\t\t\t\t\t\t<div class=\"elementor-container elementor-column-gap-default\">\n\t\t\t\t\t<div class=\"elementor-column elementor-col-100 elementor-top-column elementor-element elementor-element-9636adc\" data-id=\"9636adc\" data-element_type=\"column\">\n\t\t\t<div class=\"elementor-widget-wrap elementor-element-populated\">\n\t\t\t\t\t\t\t\t<div class=\"elementor-element elementor-element-9eb6e8d elementor-widget elementor-widget-heading\" data-id=\"9eb6e8d\" data-element_type=\"widget\" data-widget_type=\"heading.default\">\n\t\t\t\t<div class=\"elementor-widget-container\">\n\t\t\t<h3 class=\"elementor-heading-title elementor-size-default\">2. Donatello-Saal<br>\n&nbsp;<\/h3>\t\t<\/div>\n\t\t\t\t<\/div>\n\t\t\t\t<div class=\"elementor-element elementor-element-46f520a dce_masking-none elementor-widget elementor-widget-image\" data-id=\"46f520a\" data-element_type=\"widget\" data-widget_type=\"image.default\">\n\t\t\t\t<div class=\"elementor-widget-container\">\n\t\t\t\t\t\t\t\t\t\t\t\t\t\t\t<img loading=\"lazy\" decoding=\"async\" width=\"360\" height=\"360\" src=\"https:\/\/visite.santantonio.org\/wp-content\/uploads\/2023\/06\/mobile-museo_devozione_5_0_2.svg\" class=\"attachment-full size-full wp-image-3050\" alt=\"\" \/>\t\t\t\t\t\t\t\t\t\t\t\t\t\t\t<\/div>\n\t\t\t\t<\/div>\n\t\t\t\t<div class=\"elementor-element elementor-element-ace380c elementor-widget elementor-widget-shortcode\" data-id=\"ace380c\" data-element_type=\"widget\" data-widget_type=\"shortcode.default\">\n\t\t\t\t<div class=\"elementor-widget-container\">\n\t\t\t\t\t<div class=\"elementor-shortcode\"><div class=\"aphs-sound\" data-id=\"mobile-museo-devozione-502\" data-hover-sound=\"ebsfmaaHR0cHM6Ly92aXNpdGUuc2FudGFudG9uaW8ub3JnL3dwLWNvbnRlbnQvdXBsb2Fkcy8yMDIzLzA2L211c2VvLWRldm96aW9uZS1kZS1hdWRpb180XzFfMC5tcDM=\"><\/div><\/div>\n\t\t\t\t<\/div>\n\t\t\t\t<\/div>\n\t\t\t\t\t<\/div>\n\t\t<\/div>\n\t\t\t\t\t\t\t<\/div>\n\t\t<\/section>\n\t\t\t\t\t\t\t<\/div>\n\t\t","protected":false},"excerpt":{"rendered":"Museum der Volksfr\u00f6mmigkeit und Donatello-Saal 1. Museum der Volksfr\u00f6mmigkeit und Donatello-Saal Von allen gro\u00dfen Pers\u00f6nlichkeiten der franziskanischen Tradition kann nur Antonius den Titel,, wundert\u00e4tiger Heiliger\u201c tragen. Aus diesem Grund wurde 1981 anl\u00e4sslich der Feierlichkeiten zum 750. Geburtstag des Heiligen das Museum der Volksfr\u00f6mmigkeit eingerichtet, das eine beeindruckende Anzahl von Gegenst\u00e4nden aus der ganzen Welt beherbergt, [&hellip;]","protected":false},"author":1,"featured_media":0,"parent":0,"menu_order":0,"comment_status":"closed","ping_status":"closed","template":"","meta":{"footnotes":""},"class_list":["post-5554","page","type-page","status-publish","hentry"],"_links":{"self":[{"href":"https:\/\/visite.santantonio.org\/de\/wp-json\/wp\/v2\/pages\/5554","targetHints":{"allow":["GET"]}}],"collection":[{"href":"https:\/\/visite.santantonio.org\/de\/wp-json\/wp\/v2\/pages"}],"about":[{"href":"https:\/\/visite.santantonio.org\/de\/wp-json\/wp\/v2\/types\/page"}],"author":[{"embeddable":true,"href":"https:\/\/visite.santantonio.org\/de\/wp-json\/wp\/v2\/users\/1"}],"replies":[{"embeddable":true,"href":"https:\/\/visite.santantonio.org\/de\/wp-json\/wp\/v2\/comments?post=5554"}],"version-history":[{"count":19,"href":"https:\/\/visite.santantonio.org\/de\/wp-json\/wp\/v2\/pages\/5554\/revisions"}],"predecessor-version":[{"id":8318,"href":"https:\/\/visite.santantonio.org\/de\/wp-json\/wp\/v2\/pages\/5554\/revisions\/8318"}],"wp:attachment":[{"href":"https:\/\/visite.santantonio.org\/de\/wp-json\/wp\/v2\/media?parent=5554"}],"curies":[{"name":"wp","href":"https:\/\/api.w.org\/{rel}","templated":true}]}}